{"id":15210,"date":"2026-02-20T07:56:56","date_gmt":"2026-02-20T07:56:56","guid":{"rendered":"https:\/\/www.riverly.com\/demander-un-devis\/"},"modified":"2026-03-04T18:22:12","modified_gmt":"2026-03-04T18:22:12","slug":"verfugbarkeitsanfrage","status":"publish","type":"page","link":"https:\/\/www.riverly.com\/de\/verfugbarkeitsanfrage\/","title":{"rendered":"Demander un devis"},"content":{"rendered":"\t\t<div data-elementor-type=\"wp-page\" data-elementor-id=\"15210\" class=\"elementor elementor-15210 elementor-7772\" data-elementor-post-type=\"page\">\n\t\t\t\t<div class=\"elementor-element elementor-element-4f9ba19 e-flex e-con-boxed e-con e-parent\" data-id=\"4f9ba19\" data-element_type=\"container\" data-e-type=\"container\">\n\t\t\t\t\t<div class=\"e-con-inner\">\n\t\t<div class=\"elementor-element elementor-element-f6c0b1f e-con-full e-flex e-con e-child\" data-id=\"f6c0b1f\" data-element_type=\"container\" data-e-type=\"container\">\n\t\t\t\t<div class=\"elementor-element elementor-element-ec60aaa elementor-widget elementor-widget-heading\" data-id=\"ec60aaa\" data-element_type=\"widget\" data-e-type=\"widget\" data-widget_type=\"heading.default\">\n\t\t\t\t\t<h1 class=\"elementor-heading-title elementor-size-default\">Verf\u00fcgbarkeitsanfrage: Individuelles Angebot erhalten<\/h1>\t\t\t\t<\/div>\n\t\t\t\t<div class=\"elementor-element elementor-element-e520589 elementor-widget__width-initial elementor-widget elementor-widget-text-editor\" data-id=\"e520589\" data-element_type=\"widget\" data-e-type=\"widget\" data-widget_type=\"text-editor.default\">\n\t\t\t\t\t\t\t\t\t<p>Gerne stellt das Reservierungsteam Ihnen ein Angebot gem\u00e4\u00df Ihren W\u00fcnschen zusammen, indem Sie dieses Formular ausf\u00fcllen. F\u00fcr alle anderen Anliegen nutzen Sie bitte das Kontaktformular.<\/p>\t\t\t\t\t\t\t\t<\/div>\n\t\t\t\t<\/div>\n\t\t<div class=\"elementor-element elementor-element-1a1ab54 e-flex e-con-boxed e-con e-child\" data-id=\"1a1ab54\" data-element_type=\"container\" data-e-type=\"container\">\n\t\t\t\t\t<div class=\"e-con-inner\">\n\t\t\t\t<div class=\"elementor-element elementor-element-ed14861 elementor-widget elementor-widget-html\" data-id=\"ed14861\" data-element_type=\"widget\" data-e-type=\"widget\" data-widget_type=\"html.default\">\n\t\t\t\t\t<script src=\"https:\/\/js-eu1.hsforms.net\/forms\/embed\/140259228.js\" defer><\/script>\n<div class=\"hs-form-frame\" data-region=\"eu1\" data-form-id=\"e01fcde0-e8b2-451b-aab3-6c2a245560e9\" data-portal-id=\"140259228\"><\/div>\t\t\t\t<\/div>\n\t\t\t\t\t<\/div>\n\t\t\t\t<\/div>\n\t\t\t\t\t<\/div>\n\t\t\t\t<\/div>\n\t\t\t\t<\/div>\n\t\t","protected":false},"excerpt":{"rendered":"<p>Verf\u00fcgbarkeitsanfrage: Individuelles Angebot erhalten Gerne stellt das Reservierungsteam Ihnen ein Angebot gem\u00e4\u00df Ihren W\u00fcnschen zusammen, indem Sie dieses Formular ausf\u00fcllen. F\u00fcr alle anderen Anliegen nutzen Sie bitte das Kontaktformular.<\/p>\n","protected":false},"author":1,"featured_media":0,"parent":0,"menu_order":0,"comment_status":"closed","ping_status":"closed","template":"elementor_header_footer","meta":{"_acf_changed":false,"content-type":"","inline_featured_image":false,"footnotes":""},"class_list":["post-15210","page","type-page","status-publish","hentry"],"acf":[],"_links":{"self":[{"href":"https:\/\/www.riverly.com\/de\/wp-json\/wp\/v2\/pages\/15210","targetHints":{"allow":["GET"]}}],"collection":[{"href":"https:\/\/www.riverly.com\/de\/wp-json\/wp\/v2\/pages"}],"about":[{"href":"https:\/\/www.riverly.com\/de\/wp-json\/wp\/v2\/types\/page"}],"author":[{"embeddable":true,"href":"https:\/\/www.riverly.com\/de\/wp-json\/wp\/v2\/users\/1"}],"replies":[{"embeddable":true,"href":"https:\/\/www.riverly.com\/de\/wp-json\/wp\/v2\/comments?post=15210"}],"version-history":[{"count":4,"href":"https:\/\/www.riverly.com\/de\/wp-json\/wp\/v2\/pages\/15210\/revisions"}],"predecessor-version":[{"id":15214,"href":"https:\/\/www.riverly.com\/de\/wp-json\/wp\/v2\/pages\/15210\/revisions\/15214"}],"wp:attachment":[{"href":"https:\/\/www.riverly.com\/de\/wp-json\/wp\/v2\/media?parent=15210"}],"curies":[{"name":"wp","href":"https:\/\/api.w.org\/{rel}","templated":true}]}}