{"id":15552,"date":"2026-01-14T08:26:07","date_gmt":"2026-01-14T08:26:07","guid":{"rendered":"https:\/\/www.riverly.com\/histoire-riverly\/"},"modified":"2026-03-13T09:29:55","modified_gmt":"2026-03-13T09:29:55","slug":"ueber-uns-riverly","status":"publish","type":"page","link":"https:\/\/www.riverly.com\/de\/ueber-uns-riverly\/","title":{"rendered":"Riverly"},"content":{"rendered":"\t\t<div data-elementor-type=\"wp-page\" data-elementor-id=\"15552\" class=\"elementor elementor-15552 elementor-4974\" data-elementor-post-type=\"page\">\n\t\t\t\t<div class=\"elementor-element elementor-element-de8889d destination_hero e-flex e-con-boxed e-con e-parent\" data-id=\"de8889d\" data-element_type=\"container\" data-e-type=\"container\" data-settings=\"{&quot;background_background&quot;:&quot;classic&quot;}\">\n\t\t\t\t\t<div class=\"e-con-inner\">\n\t\t<div class=\"elementor-element elementor-element-17b8ed1 e-con-full e-flex e-con e-child\" data-id=\"17b8ed1\" data-element_type=\"container\" data-e-type=\"container\">\n\t\t<div class=\"elementor-element elementor-element-fda4a69 e-con-full e-flex e-con e-child\" data-id=\"fda4a69\" data-element_type=\"container\" data-e-type=\"container\">\n\t\t\t\t<div class=\"elementor-element elementor-element-50442f2 elementor-widget elementor-widget-heading\" data-id=\"50442f2\" data-element_type=\"widget\" data-e-type=\"widget\" data-widget_type=\"heading.default\">\n\t\t\t\t\t<h1 class=\"elementor-heading-title elementor-size-default\">Willkommen bei Riverly<\/h1>\t\t\t\t<\/div>\n\t\t\t\t<div class=\"elementor-element elementor-element-7e00bfc elementor-widget elementor-widget-heading\" data-id=\"7e00bfc\" data-element_type=\"widget\" data-e-type=\"widget\" data-widget_type=\"heading.default\">\n\t\t\t\t\t<span class=\"elementor-heading-title elementor-size-default\">!<\/span>\t\t\t\t<\/div>\n\t\t\t\t<\/div>\n\t\t\t\t<\/div>\n\t\t\t\t\t<\/div>\n\t\t\t\t<\/div>\n\t\t<div class=\"elementor-element elementor-element-4f17a09 e-flex e-con-boxed e-con e-parent\" data-id=\"4f17a09\" data-element_type=\"container\" data-e-type=\"container\">\n\t\t\t\t\t<div class=\"e-con-inner\">\n\t\t\t\t<div class=\"elementor-element elementor-element-8f6ac3a elementor-widget__width-initial elementor-widget elementor-widget-text-editor\" data-id=\"8f6ac3a\" data-element_type=\"widget\" data-e-type=\"widget\" data-widget_type=\"text-editor.default\">\n\t\t\t\t\t\t\t\t\t<p>Riverly entstand aus der Fusion von Locaboat und Nicols und l\u00e4dt Sie zu einem Urlaub auf dem Wasser ein. An Bord eines Bootes, f\u00fcr das kein F\u00fchrerschein erforderlich ist, k\u00f6nnen Sie dem Alltag entfliehen und sich wieder mit der Natur und Ihren Lieben verbinden.<\/p>\t\t\t\t\t\t\t\t<\/div>\n\t\t\t\t\t<\/div>\n\t\t\t\t<\/div>\n\t\t<div class=\"elementor-element elementor-element-48a0c02 e-grid e-con-boxed e-con e-parent\" data-id=\"48a0c02\" data-element_type=\"container\" data-e-type=\"container\">\n\t\t\t\t\t<div class=\"e-con-inner\">\n\t\t<div class=\"elementor-element elementor-element-7c30aa0 e-flex e-con-boxed e-con e-child\" data-id=\"7c30aa0\" data-element_type=\"container\" data-e-type=\"container\">\n\t\t\t\t\t<div class=\"e-con-inner\">\n\t\t\t\t<div class=\"elementor-element elementor-element-251f783 elementor-widget elementor-widget-heading\" data-id=\"251f783\" data-element_type=\"widget\" data-e-type=\"widget\" data-widget_type=\"heading.default\">\n\t\t\t\t\t<h2 class=\"elementor-heading-title elementor-size-default\"> Begeben Sie sich auf das Abenteuer Riverly<\/h2>\t\t\t\t<\/div>\n\t\t\t\t<div class=\"elementor-element elementor-element-74b494f elementor-widget elementor-widget-text-editor\" data-id=\"74b494f\" data-element_type=\"widget\" data-e-type=\"widget\" data-widget_type=\"text-editor.default\">\n\t\t\t\t\t\t\t\t\t<p>Riverly entstand 2026 aus dem Zusammenschluss zweier franz\u00f6sischer Pioniere des Flusstourismus: Locaboat und Nicols. Gemeinsam sind wir zum franz\u00f6sischen Marktf\u00fchrer im Bereich der Vermietung von Hausbooten ohne F\u00fchrerschein geworden, mit einer Flotte von 700 Booten, verteilt auf 39 St\u00fctzpunkte in 7 europ\u00e4ischen L\u00e4ndern.<\/p><p>Unsere Mission? Wir laden Sie ein, einen etwas anderen Urlaub zu erleben, weit weg vom hektischen Alltag. An Bord eines Riverly-Bootes k\u00f6nnen Sie abschalten und neue Energie tanken: mit Ihren Lieben, mit der Natur und mit der Sch\u00f6nheit der Orte, die nur auf Kan\u00e4len und Fl\u00fcssen zu entdecken sind.<\/p><p>Ob Sie zu zweit, mit der Familie oder mit Freunden reisen, unsere Teams \u2013 passionierte Experten f\u00fcr jede Region \u2013 helfen Ihnen, das Boot zu finden, das Ihren W\u00fcnschen entspricht, und schlagen Ihnen Routen voller Entdeckungen vor. Unterwegs geben wir Ihnen auch einige Tipps f\u00fcr Zwischenstopps, damit Sie Ihre Kreuzfahrt in vollen Z\u00fcgen genie\u00dfen k\u00f6nnen: ein mittelalterliches Dorf, ein Schloss, eine Weinkellerei, eine Wanderung oder ein spontanes Bad.<\/p><p>An Bord ist das Rezept ganz einfach: Sie steuern, Sie bewundern, Sie unterhalten sich, Sie lachen, Sie \u00f6ffnen eine gute Flasche Wein. Und nach und nach entdecken Sie, was Riverly ausmacht: Nirgendwo ist man so sehr zusammen wie auf einem Boot.<\/p>\t\t\t\t\t\t\t\t<\/div>\n\t\t\t\t\t<\/div>\n\t\t\t\t<\/div>\n\t\t<div class=\"elementor-element elementor-element-ee7037b e-flex e-con-boxed e-con e-child\" data-id=\"ee7037b\" data-element_type=\"container\" data-e-type=\"container\" data-settings=\"{&quot;background_background&quot;:&quot;classic&quot;}\">\n\t\t\t\t\t<div class=\"e-con-inner\">\n\t\t\t\t<div class=\"elementor-element elementor-element-fa840ff elementor-widget elementor-widget-spacer\" data-id=\"fa840ff\" data-element_type=\"widget\" data-e-type=\"widget\" data-widget_type=\"spacer.default\">\n\t\t\t\t\t\t\t<div class=\"elementor-spacer\">\n\t\t\t<div class=\"elementor-spacer-inner\"><\/div>\n\t\t<\/div>\n\t\t\t\t\t\t<\/div>\n\t\t\t\t\t<\/div>\n\t\t\t\t<\/div>\n\t\t\t\t\t<\/div>\n\t\t\t\t<\/div>\n\t\t<div class=\"elementor-element elementor-element-0e0cbd9 e-grid e-con-boxed e-con e-parent\" data-id=\"0e0cbd9\" data-element_type=\"container\" data-e-type=\"container\">\n\t\t\t\t\t<div class=\"e-con-inner\">\n\t\t<div class=\"elementor-element elementor-element-b0b099c e-flex e-con-boxed e-con e-child\" data-id=\"b0b099c\" data-element_type=\"container\" data-e-type=\"container\">\n\t\t\t\t\t<div class=\"e-con-inner\">\n\t\t\t\t<div class=\"elementor-element elementor-element-9dd05fa elementor-widget elementor-widget-image\" data-id=\"9dd05fa\" data-element_type=\"widget\" data-e-type=\"widget\" data-widget_type=\"image.default\">\n\t\t\t\t\t\t\t\t\t\t\t\t\t\t\t<img fetchpriority=\"high\" decoding=\"async\" width=\"2560\" height=\"1972\" src=\"https:\/\/www.riverly.com\/wp-content\/uploads\/2026\/03\/00486ffaf6684a59b690c7e9b6734b4b0474260e-scaled.png\" class=\"attachment-full size-full wp-image-15549\" alt=\"\" srcset=\"https:\/\/www.riverly.com\/wp-content\/uploads\/2026\/03\/00486ffaf6684a59b690c7e9b6734b4b0474260e-scaled.png 2560w, https:\/\/www.riverly.com\/wp-content\/uploads\/2026\/03\/00486ffaf6684a59b690c7e9b6734b4b0474260e-300x231.png 300w, https:\/\/www.riverly.com\/wp-content\/uploads\/2026\/03\/00486ffaf6684a59b690c7e9b6734b4b0474260e-1024x789.png 1024w, https:\/\/www.riverly.com\/wp-content\/uploads\/2026\/03\/00486ffaf6684a59b690c7e9b6734b4b0474260e-768x592.png 768w, https:\/\/www.riverly.com\/wp-content\/uploads\/2026\/03\/00486ffaf6684a59b690c7e9b6734b4b0474260e-1536x1183.png 1536w, https:\/\/www.riverly.com\/wp-content\/uploads\/2026\/03\/00486ffaf6684a59b690c7e9b6734b4b0474260e-2048x1578.png 2048w\" sizes=\"(max-width: 2560px) 100vw, 2560px\" \/>\t\t\t\t\t\t\t\t\t\t\t\t\t\t\t<\/div>\n\t\t\t\t\t<\/div>\n\t\t\t\t<\/div>\n\t\t<div class=\"elementor-element elementor-element-30a1569 e-flex e-con-boxed e-con e-child\" data-id=\"30a1569\" data-element_type=\"container\" data-e-type=\"container\">\n\t\t\t\t\t<div class=\"e-con-inner\">\n\t\t\t\t<div class=\"elementor-element elementor-element-63ee0b7 elementor-widget elementor-widget-heading\" data-id=\"63ee0b7\" data-element_type=\"widget\" data-e-type=\"widget\" data-widget_type=\"heading.default\">\n\t\t\t\t\t<h2 class=\"elementor-heading-title elementor-size-default\">Die Urspr\u00fcnge von Nicols<\/h2>\t\t\t\t<\/div>\n\t\t\t\t<div class=\"elementor-element elementor-element-f51e858 elementor-widget elementor-widget-text-editor\" data-id=\"f51e858\" data-element_type=\"widget\" data-e-type=\"widget\" data-widget_type=\"text-editor.default\">\n\t\t\t\t\t\t\t\t\t<p>Nicols ist ein franz\u00f6sisches Unternehmen, das seit 1986 Boote ohne F\u00fchrerschein baut und vermietet und nautisches Know-how, Innovation und Leidenschaft f\u00fcr den Flusstourismus vereint. Mit fast 40 Jahren Erfahrung hat sich die Marke als Referenz in Europa etabliert und bietet komfortable Hausboote, die in Frankreich entworfen und hergestellt und an \u00fcber 20 Standorten in Frankreich und Europa vermietet werden. Bei Nicols ist jede Hausbootfahrt eine Einladung, die Wasserstra\u00dfen in v\u00f6lliger Freiheit und im Rhythmus des Wassers zu entdecken.<\/p>\t\t\t\t\t\t\t\t<\/div>\n\t\t\t\t\t<\/div>\n\t\t\t\t<\/div>\n\t\t\t\t\t<\/div>\n\t\t\t\t<\/div>\n\t\t<div class=\"elementor-element elementor-element-8ec94dc e-grid e-con-boxed e-con e-parent\" data-id=\"8ec94dc\" data-element_type=\"container\" data-e-type=\"container\">\n\t\t\t\t\t<div class=\"e-con-inner\">\n\t\t<div class=\"elementor-element elementor-element-a75a6dd e-flex e-con-boxed e-con e-child\" data-id=\"a75a6dd\" data-element_type=\"container\" data-e-type=\"container\">\n\t\t\t\t\t<div class=\"e-con-inner\">\n\t\t\t\t<div class=\"elementor-element elementor-element-d18c36b elementor-widget elementor-widget-heading\" data-id=\"d18c36b\" data-element_type=\"widget\" data-e-type=\"widget\" data-widget_type=\"heading.default\">\n\t\t\t\t\t<h2 class=\"elementor-heading-title elementor-size-default\">Die Geschichte von Locaboat: Pionier des Flusstourismus seit 1977<\/h2>\t\t\t\t<\/div>\n\t\t\t\t<div class=\"elementor-element elementor-element-fae0889 elementor-widget elementor-widget-text-editor\" data-id=\"fae0889\" data-element_type=\"widget\" data-e-type=\"widget\" data-widget_type=\"text-editor.default\">\n\t\t\t\t\t\t\t\t\t<p>Seit \u00fcber 45 Jahren ist Locaboat eine zentrale Marke im Bereich Flusstourismus. Die Mission: Hausbootfahrten in Frankreich und Europa f\u00fcr m\u00f6glichst viele Menschen zug\u00e4nglich machen \u2013 einfach, gesellig und ohne F\u00fchrerschein. Mit einer eigens entwickelten Flotte und gezielter Expansion in die sch\u00f6nsten Flussregionen ist Locaboat heute eine Referenz f\u00fcr Urlaub auf dem Wasser.<\/p>\t\t\t\t\t\t\t\t<\/div>\n\t\t\t\t\t<\/div>\n\t\t\t\t<\/div>\n\t\t<div class=\"elementor-element elementor-element-60f2b03 e-flex e-con-boxed e-con e-child\" data-id=\"60f2b03\" data-element_type=\"container\" data-e-type=\"container\">\n\t\t\t\t\t<div class=\"e-con-inner\">\n\t\t\t\t<div class=\"elementor-element elementor-element-f376124 elementor-widget elementor-widget-image\" data-id=\"f376124\" data-element_type=\"widget\" data-e-type=\"widget\" data-widget_type=\"image.default\">\n\t\t\t\t\t\t\t\t\t\t\t\t\t\t\t<img decoding=\"async\" width=\"1501\" height=\"848\" src=\"https:\/\/www.riverly.com\/wp-content\/uploads\/2026\/03\/locaboat.png\" class=\"attachment-full size-full wp-image-15550\" alt=\"\" srcset=\"https:\/\/www.riverly.com\/wp-content\/uploads\/2026\/03\/locaboat.png 1501w, https:\/\/www.riverly.com\/wp-content\/uploads\/2026\/03\/locaboat-300x169.png 300w, https:\/\/www.riverly.com\/wp-content\/uploads\/2026\/03\/locaboat-1024x579.png 1024w, https:\/\/www.riverly.com\/wp-content\/uploads\/2026\/03\/locaboat-768x434.png 768w\" sizes=\"(max-width: 1501px) 100vw, 1501px\" \/>\t\t\t\t\t\t\t\t\t\t\t\t\t\t\t<\/div>\n\t\t\t\t\t<\/div>\n\t\t\t\t<\/div>\n\t\t\t\t\t<\/div>\n\t\t\t\t<\/div>\n\t\t\t\t<\/div>\n\t\t","protected":false},"excerpt":{"rendered":"<p>Willkommen bei Riverly ! Riverly entstand aus der Fusion von Locaboat und Nicols und l\u00e4dt Sie zu einem Urlaub auf dem Wasser ein. An Bord eines Bootes, f\u00fcr das kein F\u00fchrerschein erforderlich ist, k\u00f6nnen Sie dem Alltag entfliehen und sich wieder mit der Natur und Ihren Lieben verbinden. Begeben Sie sich auf das Abenteuer Riverly [&hellip;]<\/p>\n","protected":false},"author":1,"featured_media":0,"parent":0,"menu_order":0,"comment_status":"closed","ping_status":"closed","template":"elementor_header_footer","meta":{"_acf_changed":false,"content-type":"","inline_featured_image":false,"footnotes":""},"class_list":["post-15552","page","type-page","status-publish","hentry"],"acf":[],"_links":{"self":[{"href":"https:\/\/www.riverly.com\/de\/wp-json\/wp\/v2\/pages\/15552","targetHints":{"allow":["GET"]}}],"collection":[{"href":"https:\/\/www.riverly.com\/de\/wp-json\/wp\/v2\/pages"}],"about":[{"href":"https:\/\/www.riverly.com\/de\/wp-json\/wp\/v2\/types\/page"}],"author":[{"embeddable":true,"href":"https:\/\/www.riverly.com\/de\/wp-json\/wp\/v2\/users\/1"}],"replies":[{"embeddable":true,"href":"https:\/\/www.riverly.com\/de\/wp-json\/wp\/v2\/comments?post=15552"}],"version-history":[{"count":19,"href":"https:\/\/www.riverly.com\/de\/wp-json\/wp\/v2\/pages\/15552\/revisions"}],"predecessor-version":[{"id":17860,"href":"https:\/\/www.riverly.com\/de\/wp-json\/wp\/v2\/pages\/15552\/revisions\/17860"}],"wp:attachment":[{"href":"https:\/\/www.riverly.com\/de\/wp-json\/wp\/v2\/media?parent=15552"}],"curies":[{"name":"wp","href":"https:\/\/api.w.org\/{rel}","templated":true}]}}