{"id":15734,"date":"2025-12-08T06:26:50","date_gmt":"2025-12-08T06:26:50","guid":{"rendered":"https:\/\/www.riverly.com\/conditions-generales-de-ventes\/"},"modified":"2026-04-08T15:56:32","modified_gmt":"2026-04-08T15:56:32","slug":"agb","status":"publish","type":"page","link":"https:\/\/www.riverly.com\/de\/agb\/","title":{"rendered":"Conditions g\u00e9n\u00e9rales de vente"},"content":{"rendered":"\t\t<div data-elementor-type=\"wp-page\" data-elementor-id=\"15734\" class=\"elementor elementor-15734 elementor-1251\" data-elementor-post-type=\"page\">\n\t\t\t\t<div class=\"elementor-element elementor-element-dad7a1a e-flex e-con-boxed e-con e-parent\" data-id=\"dad7a1a\" data-element_type=\"container\" data-e-type=\"container\">\n\t\t\t\t\t<div class=\"e-con-inner\">\n\t\t\t\t<div class=\"elementor-element elementor-element-c7fdbb3 elementor-widget-mobile__width-initial elementor-widget elementor-widget-heading\" data-id=\"c7fdbb3\" data-element_type=\"widget\" data-e-type=\"widget\" data-widget_type=\"heading.default\">\n\t\t\t\t\t<h1 class=\"elementor-heading-title elementor-size-default\">Allgemeine Gesch\u00e4ftsbedingungen<\/h1>\t\t\t\t<\/div>\n\t\t\t\t<div class=\"elementor-element elementor-element-bbd3007 elementor-widget elementor-widget-text-editor\" data-id=\"bbd3007\" data-element_type=\"widget\" data-e-type=\"widget\" data-widget_type=\"text-editor.default\">\n\t\t\t\t\t\t\t\t\t<p>Unten stehend k\u00f6nnen Sie die AGB herunterladen, lesen und ausdrucken.<\/p>\t\t\t\t\t\t\t\t<\/div>\n\t\t<div class=\"elementor-element elementor-element-86ad080 e-con-full e-flex e-con e-child\" data-id=\"86ad080\" data-element_type=\"container\" data-e-type=\"container\">\n\t\t\t\t<div class=\"elementor-element elementor-element-49663a6 elementor-mobile-align-justify elementor-widget-mobile__width-inherit elementor-widget elementor-widget-button\" data-id=\"49663a6\" data-element_type=\"widget\" data-e-type=\"widget\" data-widget_type=\"button.default\">\n\t\t\t\t\t\t\t\t\t\t<a class=\"elementor-button elementor-button-link elementor-size-sm\" href=\"https:\/\/www.riverly.com\/wp-content\/uploads\/2026\/03\/Allgemeine-Geschaftsbedingungen.pdf\">\n\t\t\t\t\t\t<span class=\"elementor-button-content-wrapper\">\n\t\t\t\t\t\t<span class=\"elementor-button-icon\">\n\t\t\t\t<svg xmlns=\"http:\/\/www.w3.org\/2000\/svg\" width=\"16\" height=\"16\" viewBox=\"0 0 16 16\" fill=\"none\"><path d=\"M13.3346 8.33301V4.53301C13.3346 3.4129 13.3346 2.85285 13.1166 2.42503C12.9249 2.0487 12.6189 1.74274 12.2426 1.55099C11.8148 1.33301 11.2547 1.33301 10.1346 1.33301H5.86797C4.74786 1.33301 4.18781 1.33301 3.75999 1.55099C3.38366 1.74274 3.0777 2.0487 2.88596 2.42503C2.66797 2.85285 2.66797 3.4129 2.66797 4.53301V11.4663C2.66797 12.5864 2.66797 13.1465 2.88596 13.5743C3.0777 13.9506 3.38366 14.2566 3.75999 14.4484C4.18781 14.6663 4.74783 14.6663 5.86787 14.6663H8.33464M9.33464 7.33301H5.33464M6.66797 9.99967H5.33464M10.668 4.66634H5.33464M10.0013 12.6663L12.0013 14.6663M12.0013 14.6663L14.0013 12.6663M12.0013 14.6663V10.6663\" stroke=\"white\" stroke-width=\"1.33333\" stroke-linecap=\"round\" stroke-linejoin=\"round\"><\/path><\/svg>\t\t\t<\/span>\n\t\t\t\t\t\t\t\t\t<span class=\"elementor-button-text\">AGB - Saison 2026<\/span>\n\t\t\t\t\t<\/span>\n\t\t\t\t\t<\/a>\n\t\t\t\t\t\t\t\t<\/div>\n\t\t\t\t<\/div>\n\t\t\t\t\t<\/div>\n\t\t\t\t<\/div>\n\t\t<div class=\"elementor-element elementor-element-394c78b elementor-hidden-desktop elementor-hidden-tablet elementor-hidden-mobile e-flex e-con-boxed e-con e-parent\" data-id=\"394c78b\" data-element_type=\"container\" data-e-type=\"container\">\n\t\t\t\t\t<div class=\"e-con-inner\">\n\t\t\t\t<div class=\"elementor-element elementor-element-1b28b45 elementor-widget elementor-widget-text-editor\" data-id=\"1b28b45\" data-element_type=\"widget\" data-e-type=\"widget\" data-widget_type=\"text-editor.default\">\n\t\t\t\t\t\t\t\t\t<p>Retrouvez ci-dessous nos conditions g\u00e9n\u00e9rales au format pdf afin que vous puissiez les consulter, les t\u00e9l\u00e9charger ou les imprimer \u00e0 votre convenance.<\/p>\t\t\t\t\t\t\t\t<\/div>\n\t\t<div class=\"elementor-element elementor-element-c688f16 e-con-full e-flex e-con e-child\" data-id=\"c688f16\" data-element_type=\"container\" data-e-type=\"container\">\n\t\t\t\t<div class=\"elementor-element elementor-element-7fc40c4 elementor-mobile-align-justify elementor-widget-mobile__width-inherit elementor-widget elementor-widget-button\" data-id=\"7fc40c4\" data-element_type=\"widget\" data-e-type=\"widget\" data-widget_type=\"button.default\">\n\t\t\t\t\t\t\t\t\t\t<a class=\"elementor-button elementor-button-link elementor-size-sm\" href=\"#\">\n\t\t\t\t\t\t<span class=\"elementor-button-content-wrapper\">\n\t\t\t\t\t\t<span class=\"elementor-button-icon\">\n\t\t\t\t<svg xmlns=\"http:\/\/www.w3.org\/2000\/svg\" width=\"16\" height=\"16\" viewBox=\"0 0 16 16\" fill=\"none\"><path d=\"M13.3346 8.33301V4.53301C13.3346 3.4129 13.3346 2.85285 13.1166 2.42503C12.9249 2.0487 12.6189 1.74274 12.2426 1.55099C11.8148 1.33301 11.2547 1.33301 10.1346 1.33301H5.86797C4.74786 1.33301 4.18781 1.33301 3.75999 1.55099C3.38366 1.74274 3.0777 2.0487 2.88596 2.42503C2.66797 2.85285 2.66797 3.4129 2.66797 4.53301V11.4663C2.66797 12.5864 2.66797 13.1465 2.88596 13.5743C3.0777 13.9506 3.38366 14.2566 3.75999 14.4484C4.18781 14.6663 4.74783 14.6663 5.86787 14.6663H8.33464M9.33464 7.33301H5.33464M6.66797 9.99967H5.33464M10.668 4.66634H5.33464M10.0013 12.6663L12.0013 14.6663M12.0013 14.6663L14.0013 12.6663M12.0013 14.6663V10.6663\" stroke=\"white\" stroke-width=\"1.33333\" stroke-linecap=\"round\" stroke-linejoin=\"round\"><\/path><\/svg>\t\t\t<\/span>\n\t\t\t\t\t\t\t\t\t<span class=\"elementor-button-text\">Condition g\u00e9n\u00e9rales de la saison 2025<\/span>\n\t\t\t\t\t<\/span>\n\t\t\t\t\t<\/a>\n\t\t\t\t\t\t\t\t<\/div>\n\t\t\t\t<div class=\"elementor-element elementor-element-681318a elementor-mobile-align-justify elementor-widget-mobile__width-inherit elementor-widget elementor-widget-button\" data-id=\"681318a\" data-element_type=\"widget\" data-e-type=\"widget\" data-widget_type=\"button.default\">\n\t\t\t\t\t\t\t\t\t\t<a class=\"elementor-button elementor-button-link elementor-size-sm\" href=\"#\">\n\t\t\t\t\t\t<span class=\"elementor-button-content-wrapper\">\n\t\t\t\t\t\t<span class=\"elementor-button-icon\">\n\t\t\t\t<svg xmlns=\"http:\/\/www.w3.org\/2000\/svg\" width=\"13\" height=\"15\" viewBox=\"0 0 13 15\" fill=\"none\"><path d=\"M11.3346 7.66699V3.86699C11.3346 2.74689 11.3346 2.18683 11.1166 1.75901C10.9249 1.38269 10.6189 1.07673 10.2426 0.884979C9.81479 0.666992 9.25474 0.666992 8.13464 0.666992H3.86797C2.74786 0.666992 2.18781 0.666992 1.75999 0.884979C1.38366 1.07673 1.0777 1.38269 0.885956 1.75901C0.667969 2.18683 0.667969 2.74689 0.667969 3.86699V10.8003C0.667969 11.9204 0.667969 12.4805 0.885956 12.9083C1.0777 13.2846 1.38366 13.5906 1.75999 13.7823C2.18781 14.0003 2.74783 14.0003 3.86787 14.0003H6.33464M7.33464 6.66699H3.33464M4.66797 9.33366H3.33464M8.66797 4.00033H3.33464M8.0013 12.0003L10.0013 14.0003M10.0013 14.0003L12.0013 12.0003M10.0013 14.0003V10.0003\" stroke=\"#1D6C54\" stroke-width=\"1.33333\" stroke-linecap=\"round\" stroke-linejoin=\"round\"><\/path><\/svg>\t\t\t<\/span>\n\t\t\t\t\t\t\t\t\t<span class=\"elementor-button-text\">Condition g\u00e9n\u00e9rales de la saison 2026<\/span>\n\t\t\t\t\t<\/span>\n\t\t\t\t\t<\/a>\n\t\t\t\t\t\t\t\t<\/div>\n\t\t\t\t<\/div>\n\t\t\t\t\t<\/div>\n\t\t\t\t<\/div>\n\t\t\t\t<\/div>\n\t\t","protected":false},"excerpt":{"rendered":"<p>Allgemeine Gesch\u00e4ftsbedingungen Unten stehend k\u00f6nnen Sie die AGB herunterladen, lesen und ausdrucken. AGB &#8211; Saison 2026 Retrouvez ci-dessous nos conditions g\u00e9n\u00e9rales au format pdf afin que vous puissiez les consulter, les t\u00e9l\u00e9charger ou les imprimer \u00e0 votre convenance. Condition g\u00e9n\u00e9rales de la saison 2025 Condition g\u00e9n\u00e9rales de la saison 2026<\/p>\n","protected":false},"author":1,"featured_media":0,"parent":0,"menu_order":0,"comment_status":"closed","ping_status":"closed","template":"elementor_header_footer","meta":{"_acf_changed":false,"content-type":"","inline_featured_image":false,"footnotes":""},"class_list":["post-15734","page","type-page","status-publish","hentry"],"acf":[],"_links":{"self":[{"href":"https:\/\/www.riverly.com\/de\/wp-json\/wp\/v2\/pages\/15734","targetHints":{"allow":["GET"]}}],"collection":[{"href":"https:\/\/www.riverly.com\/de\/wp-json\/wp\/v2\/pages"}],"about":[{"href":"https:\/\/www.riverly.com\/de\/wp-json\/wp\/v2\/types\/page"}],"author":[{"embeddable":true,"href":"https:\/\/www.riverly.com\/de\/wp-json\/wp\/v2\/users\/1"}],"replies":[{"embeddable":true,"href":"https:\/\/www.riverly.com\/de\/wp-json\/wp\/v2\/comments?post=15734"}],"version-history":[{"count":10,"href":"https:\/\/www.riverly.com\/de\/wp-json\/wp\/v2\/pages\/15734\/revisions"}],"predecessor-version":[{"id":23007,"href":"https:\/\/www.riverly.com\/de\/wp-json\/wp\/v2\/pages\/15734\/revisions\/23007"}],"wp:attachment":[{"href":"https:\/\/www.riverly.com\/de\/wp-json\/wp\/v2\/media?parent=15734"}],"curies":[{"name":"wp","href":"https:\/\/api.w.org\/{rel}","templated":true}]}}