{"id":18540,"date":"2026-03-16T10:40:00","date_gmt":"2026-03-16T10:40:00","guid":{"rendered":"https:\/\/www.riverly.com\/penichette-neo-for-sale\/"},"modified":"2026-03-30T13:34:37","modified_gmt":"2026-03-30T13:34:37","slug":"penichette-neo-sale","status":"publish","type":"page","link":"https:\/\/www.riverly.com\/de\/penichette-neo-sale\/","title":{"rendered":"Programme gestion locative Neo"},"content":{"rendered":"\t\t<div data-elementor-type=\"wp-page\" data-elementor-id=\"18540\" class=\"elementor elementor-18540 elementor-18521\" data-elementor-post-type=\"page\">\n\t\t\t\t<div class=\"elementor-element elementor-element-3070ac2 destination_hero e-flex e-con-boxed e-con e-parent\" data-id=\"3070ac2\" data-element_type=\"container\" data-e-type=\"container\" data-settings=\"{&quot;background_background&quot;:&quot;classic&quot;}\">\n\t\t\t\t\t<div class=\"e-con-inner\">\n\t\t<div class=\"elementor-element elementor-element-475db49 e-con-full e-flex e-con e-child\" data-id=\"475db49\" data-element_type=\"container\" data-e-type=\"container\">\n\t\t<div class=\"elementor-element elementor-element-8ac2754 e-con-full e-flex e-con e-child\" data-id=\"8ac2754\" data-element_type=\"container\" data-e-type=\"container\">\n\t\t\t\t<div class=\"elementor-element elementor-element-1bf637f elementor-widget__width-initial elementor-widget elementor-widget-heading\" data-id=\"1bf637f\" data-element_type=\"widget\" data-e-type=\"widget\" data-widget_type=\"heading.default\">\n\t\t\t\t\t<h1 class=\"elementor-heading-title elementor-size-default\">Werden Sie Eigent\u00fcmer einer P\u00e9nichette Neo\u00ae<\/h1>\t\t\t\t<\/div>\n\t\t\t\t<\/div>\n\t\t\t\t<\/div>\n\t\t\t\t\t<\/div>\n\t\t\t\t<\/div>\n\t\t<div class=\"elementor-element elementor-element-dbed475 e-flex e-con-boxed e-con e-parent\" data-id=\"dbed475\" data-element_type=\"container\" data-e-type=\"container\">\n\t\t\t\t\t<div class=\"e-con-inner\">\n\t\t\t\t<div class=\"elementor-element elementor-element-59ae371 elementor-widget__width-initial elementor-widget elementor-widget-text-editor\" data-id=\"59ae371\" data-element_type=\"widget\" data-e-type=\"widget\" data-widget_type=\"text-editor.default\">\n\t\t\t\t\t\t\t\t\t<p>Mit dem von Riverly angebotenen Mietverwaltungsprogramm wird der Kauf einer P\u00e9nichette Neo\u00ae genauso entspannt, wie die Gew\u00e4sser, auf denen sie dahingleitet.<\/p>\t\t\t\t\t\t\t\t<\/div>\n\t\t\t\t\t<\/div>\n\t\t\t\t<\/div>\n\t\t<div class=\"elementor-element elementor-element-0298abf e-flex e-con-boxed e-con e-parent\" data-id=\"0298abf\" data-element_type=\"container\" data-e-type=\"container\">\n\t\t\t\t\t<div class=\"e-con-inner\">\n\t\t\t\t<div class=\"elementor-element elementor-element-ad607fb elementor-align-center elementor-widget elementor-widget-button\" data-id=\"ad607fb\" data-element_type=\"widget\" data-e-type=\"widget\" data-widget_type=\"button.default\">\n\t\t\t\t\t\t\t\t\t\t<a class=\"elementor-button elementor-button-link elementor-size-sm\" href=\"https:\/\/www.nicolsyacht.com\/de\/\" target=\"_blank\" rel=\"noopener\">\n\t\t\t\t\t\t<span class=\"elementor-button-content-wrapper\">\n\t\t\t\t\t\t<span class=\"elementor-button-icon\">\n\t\t\t\t<svg aria-hidden=\"true\" class=\"e-font-icon-svg e-fas-arrow-right\" viewBox=\"0 0 448 512\" xmlns=\"http:\/\/www.w3.org\/2000\/svg\"><path d=\"M190.5 66.9l22.2-22.2c9.4-9.4 24.6-9.4 33.9 0L441 239c9.4 9.4 9.4 24.6 0 33.9L246.6 467.3c-9.4 9.4-24.6 9.4-33.9 0l-22.2-22.2c-9.5-9.5-9.3-25 .4-34.3L311.4 296H24c-13.3 0-24-10.7-24-24v-32c0-13.3 10.7-24 24-24h287.4L190.9 101.2c-9.8-9.3-10-24.8-.4-34.3z\"><\/path><\/svg>\t\t\t<\/span>\n\t\t\t\t\t\t\t\t\t<span class=\"elementor-button-text\">Schau dir die zum Verkauf angebotenen Boote an<\/span>\n\t\t\t\t\t<\/span>\n\t\t\t\t\t<\/a>\n\t\t\t\t\t\t\t\t<\/div>\n\t\t\t\t\t<\/div>\n\t\t\t\t<\/div>\n\t\t<div class=\"elementor-element elementor-element-c235de2 e-flex e-con-boxed e-con e-parent\" data-id=\"c235de2\" data-element_type=\"container\" data-e-type=\"container\">\n\t\t\t\t\t<div class=\"e-con-inner\">\n\t\t<div class=\"elementor-element elementor-element-43756f5 e-con-full e-flex e-con e-child\" data-id=\"43756f5\" data-element_type=\"container\" data-e-type=\"container\">\n\t\t\t\t<div class=\"elementor-element elementor-element-ebea62d elementor-widget elementor-widget-video\" data-id=\"ebea62d\" data-element_type=\"widget\" data-e-type=\"widget\" data-settings=\"{&quot;video_type&quot;:&quot;vimeo&quot;}\" data-widget_type=\"video.default\">\n\t\t\t\t\t\t\t<div class=\"elementor-wrapper elementor-open-inline\">\n\t\t\t<iframe class=\"elementor-video-iframe\" allowfullscreen allow=\"clipboard-write\" title=\"vimeo Video Player\" src=\"https:\/\/player.vimeo.com\/video\/1015696410?color&amp;autopause=0&amp;loop=0&amp;muted=0&amp;title=1&amp;portrait=1&amp;byline=1#t=\"><\/iframe>\t\t<\/div>\n\t\t\t\t\t\t<\/div>\n\t\t\t\t<\/div>\n\t\t<div class=\"elementor-element elementor-element-ca6a287 e-con-full e-flex e-con e-child\" data-id=\"ca6a287\" data-element_type=\"container\" data-e-type=\"container\">\n\t\t\t\t<div class=\"elementor-element elementor-element-4a681d1 elementor-widget__width-initial elementor-widget elementor-widget-text-editor\" data-id=\"4a681d1\" data-element_type=\"widget\" data-e-type=\"widget\" data-widget_type=\"text-editor.default\">\n\t\t\t\t\t\t\t\t\t<p>Die Entscheidung, in eine P\u00e9nichette\u00ae Neo zu investieren, bedeutet, in ein Projekt einzusteigen, das Vergn\u00fcgen und Gelassenheit vereint. Dieses Programm erm\u00f6glicht es Ihnen, Ihr f\u00fchrerscheinfreies Hausboot in vollen Z\u00fcgen zu genie\u00dfen und gleichzeitig eine einfache L\u00f6sung zu nutzen, um es rentabel zu machen, wenn Sie selbst nicht damit unterwegs sind. Sie sind in guten H\u00e4nden: Riverly, ein seit 1977 in der Branche etablierter Anbieter, k\u00fcmmert sich um alles \u2013 von der Vermietungsverwaltung bis hin zur Wartung Ihrer P\u00e9nichette\u00ae.<\/p><p>Die Vorteile:<\/p><ul><li>8% garantierte j\u00e4hrliche Einnahmen<\/li><li>5 Wochen pers\u00f6nliche Nutzung pro Jahr<\/li><li>0 Betriebskosten f\u00fcr Sie<\/li><li>100% professionnelle Wartung inklusive<\/li><li>Hergestellt in Frankreich in unserer Werft in Cholet<\/li><\/ul><p>Wenn Sie mehr \u00fcber die Verkaufspreise der P\u00e9nichette\u00ae Neo und die Bedingungen des Mietverwaltungsprogramms erfahren m\u00f6chten k\u00f6nnen Sie uns per E-Mail unter <a class=\"notion-link-token notion-focusable-token notion-enable-hover\" tabindex=\"0\" href=\"mailto:bootskauf@locaboat.com\" rel=\"noopener noreferrer\" data-token-index=\"1\"><span class=\"link-annotation-unknown-block-id--1316829804\">bootskauf@locaboat.com<\/span><\/a> oder telefonisch unter +49 (0)761 207 37 0 kontaktieren.<\/p>\t\t\t\t\t\t\t\t<\/div>\n\t\t\t\t<\/div>\n\t\t\t\t\t<\/div>\n\t\t\t\t<\/div>\n\t\t<div class=\"elementor-element elementor-element-5a88b69 e-flex e-con-boxed e-con e-parent\" data-id=\"5a88b69\" data-element_type=\"container\" data-e-type=\"container\">\n\t\t\t\t\t<div class=\"e-con-inner\">\n\t\t<div class=\"elementor-element elementor-element-dff51ab e-con-full e-flex e-con e-child\" data-id=\"dff51ab\" data-element_type=\"container\" data-e-type=\"container\">\n\t\t\t\t<div class=\"elementor-element elementor-element-2052edc elementor-widget elementor-widget-heading\" data-id=\"2052edc\" data-element_type=\"widget\" data-e-type=\"widget\" data-widget_type=\"heading.default\">\n\t\t\t\t\t<h2 class=\"elementor-heading-title elementor-size-default\">Entdecken Sie die P\u00e9nichette Neo\u00ae im Detail<\/h2>\t\t\t\t<\/div>\n\t\t\t\t<div class=\"elementor-element elementor-element-99c491e elementor-widget__width-initial elementor-widget elementor-widget-text-editor\" data-id=\"99c491e\" data-element_type=\"widget\" data-e-type=\"widget\" data-widget_type=\"text-editor.default\">\n\t\t\t\t\t\t\t\t\t<p>Kapazit\u00e4t: 6 Personen<\/p><p>Steuerstand: Innen- u. Au\u00dfensteuerstand<\/p><p>Nasszellen: 3 Nasszellen<\/p><ul><li>Klimaanlage im Salon (nur bei Landstromanschluss)<\/li><li>Gasplancha und Sp\u00fcle auf dem Oberdeck<\/li><li>220V-Strom bei Landstromanschluss und w\u00e4hrend der Fahrt<\/li><li>Voll ausgestattete K\u00fcche mit K\u00fchlschrank, Backofen, Kochfeld und Kaffeemaschine<\/li><li>3 Au\u00dfenbereiche: Oberdeck, gro\u00dfe Sonnenliege auf dem Deck f\u00fcr 3 Personen, Sitzplatz im Bug des Bootes.<\/li><li>Photovoltaikpaneele zum besseren Aufladen der Batterien<\/li><li>Bugstrahlruder zur Navigationsunterst\u00fctzung<\/li><\/ul>\t\t\t\t\t\t\t\t<\/div>\n\t\t\t\t<\/div>\n\t\t<div class=\"elementor-element elementor-element-fedb870 e-con-full e-flex e-con e-child\" data-id=\"fedb870\" data-element_type=\"container\" data-e-type=\"container\">\n\t\t\t\t<div class=\"elementor-element elementor-element-2b6a51f elementor-widget elementor-widget-image\" data-id=\"2b6a51f\" data-element_type=\"widget\" data-e-type=\"widget\" data-widget_type=\"image.default\">\n\t\t\t\t\t\t\t\t\t\t\t\t\t\t\t<img fetchpriority=\"high\" decoding=\"async\" width=\"800\" height=\"530\" src=\"https:\/\/www.riverly.com\/wp-content\/uploads\/2026\/02\/B35-plan-1024x678.jpg\" class=\"attachment-large size-large wp-image-13982\" alt=\"\" srcset=\"https:\/\/www.riverly.com\/wp-content\/uploads\/2026\/02\/B35-plan-1024x678.jpg 1024w, https:\/\/www.riverly.com\/wp-content\/uploads\/2026\/02\/B35-plan-300x199.jpg 300w, https:\/\/www.riverly.com\/wp-content\/uploads\/2026\/02\/B35-plan-768x508.jpg 768w, https:\/\/www.riverly.com\/wp-content\/uploads\/2026\/02\/B35-plan.jpg 1092w\" sizes=\"(max-width: 800px) 100vw, 800px\" \/>\t\t\t\t\t\t\t\t\t\t\t\t\t\t\t<\/div>\n\t\t\t\t<\/div>\n\t\t\t\t\t<\/div>\n\t\t\t\t<\/div>\n\t\t\t\t<\/div>\n\t\t","protected":false},"excerpt":{"rendered":"<p>Werden Sie Eigent\u00fcmer einer P\u00e9nichette Neo\u00ae Mit dem von Riverly angebotenen Mietverwaltungsprogramm wird der Kauf einer P\u00e9nichette Neo\u00ae genauso entspannt, wie die Gew\u00e4sser, auf denen sie dahingleitet. Schau dir die zum Verkauf angebotenen Boote an https:\/\/vimeo.com\/1015696410?fl=pl&#038;fe=cm Die Entscheidung, in eine P\u00e9nichette\u00ae Neo zu investieren, bedeutet, in ein Projekt einzusteigen, das Vergn\u00fcgen und Gelassenheit vereint. Dieses [&hellip;]<\/p>\n","protected":false},"author":3,"featured_media":0,"parent":0,"menu_order":0,"comment_status":"closed","ping_status":"closed","template":"elementor_header_footer","meta":{"_acf_changed":false,"content-type":"","inline_featured_image":false,"footnotes":""},"class_list":["post-18540","page","type-page","status-publish","hentry"],"acf":[],"_links":{"self":[{"href":"https:\/\/www.riverly.com\/de\/wp-json\/wp\/v2\/pages\/18540","targetHints":{"allow":["GET"]}}],"collection":[{"href":"https:\/\/www.riverly.com\/de\/wp-json\/wp\/v2\/pages"}],"about":[{"href":"https:\/\/www.riverly.com\/de\/wp-json\/wp\/v2\/types\/page"}],"author":[{"embeddable":true,"href":"https:\/\/www.riverly.com\/de\/wp-json\/wp\/v2\/users\/3"}],"replies":[{"embeddable":true,"href":"https:\/\/www.riverly.com\/de\/wp-json\/wp\/v2\/comments?post=18540"}],"version-history":[{"count":10,"href":"https:\/\/www.riverly.com\/de\/wp-json\/wp\/v2\/pages\/18540\/revisions"}],"predecessor-version":[{"id":22787,"href":"https:\/\/www.riverly.com\/de\/wp-json\/wp\/v2\/pages\/18540\/revisions\/22787"}],"wp:attachment":[{"href":"https:\/\/www.riverly.com\/de\/wp-json\/wp\/v2\/media?parent=18540"}],"curies":[{"name":"wp","href":"https:\/\/api.w.org\/{rel}","templated":true}]}}