{"id":19185,"date":"2025-12-08T06:40:00","date_gmt":"2025-12-08T06:40:00","guid":{"rendered":"https:\/\/www.riverly.com\/become-a-riverly-affiliate\/"},"modified":"2026-04-20T09:10:24","modified_gmt":"2026-04-20T09:10:24","slug":"affiliate-werden","status":"publish","type":"page","link":"https:\/\/www.riverly.com\/de\/affiliate-werden\/","title":{"rendered":"Devenir affili\u00e9"},"content":{"rendered":"\t\t<div data-elementor-type=\"wp-page\" data-elementor-id=\"19185\" class=\"elementor elementor-19185 elementor-1267\" data-elementor-post-type=\"page\">\n\t\t\t\t<div class=\"elementor-element elementor-element-25c39c7 destination_hero e-flex e-con-boxed e-con e-parent\" data-id=\"25c39c7\" data-element_type=\"container\" data-e-type=\"container\" data-settings=\"{&quot;background_background&quot;:&quot;classic&quot;}\">\n\t\t\t\t\t<div class=\"e-con-inner\">\n\t\t<div class=\"elementor-element elementor-element-51524f8 e-con-full e-flex e-con e-child\" data-id=\"51524f8\" data-element_type=\"container\" data-e-type=\"container\">\n\t\t<div class=\"elementor-element elementor-element-a73659a e-con-full e-flex e-con e-child\" data-id=\"a73659a\" data-element_type=\"container\" data-e-type=\"container\">\n\t\t\t\t<div class=\"elementor-element elementor-element-5389054 elementor-widget__width-initial elementor-widget elementor-widget-heading\" data-id=\"5389054\" data-element_type=\"widget\" data-e-type=\"widget\" data-widget_type=\"heading.default\">\n\t\t\t\t\t<h1 class=\"elementor-heading-title elementor-size-default\">Werden Sie Teil des Riverly-Netzwerks<\/h1>\t\t\t\t<\/div>\n\t\t\t\t<\/div>\n\t\t\t\t<\/div>\n\t\t\t\t\t<\/div>\n\t\t\t\t<\/div>\n\t\t<div class=\"elementor-element elementor-element-a193c1f e-flex e-con-boxed e-con e-parent\" data-id=\"a193c1f\" data-element_type=\"container\" data-e-type=\"container\">\n\t\t\t\t\t<div class=\"e-con-inner\">\n\t\t\t\t<div class=\"elementor-element elementor-element-23f68ca elementor-widget elementor-widget-heading\" data-id=\"23f68ca\" data-element_type=\"widget\" data-e-type=\"widget\" data-widget_type=\"heading.default\">\n\t\t\t\t\t<p class=\"elementor-heading-title elementor-size-default\">Schlie\u00dfen Sie sich einem franz\u00f6sischen Hersteller und Vermieter an \u2013 dem europ\u00e4ischen Marktf\u00fchrer im Hausboottourismus.<\/p>\t\t\t\t<\/div>\n\t\t<div class=\"elementor-element elementor-element-860ad89 e-grid e-con-full e-con e-child\" data-id=\"860ad89\" data-element_type=\"container\" data-e-type=\"container\">\n\t\t<div class=\"elementor-element elementor-element-c2a8fbc e-con-full e-flex e-con e-child\" data-id=\"c2a8fbc\" data-element_type=\"container\" data-e-type=\"container\">\n\t\t\t\t<div class=\"elementor-element elementor-element-f7a53ca elementor-widget elementor-widget-heading\" data-id=\"f7a53ca\" data-element_type=\"widget\" data-e-type=\"widget\" data-widget_type=\"heading.default\">\n\t\t\t\t\t<h2 class=\"elementor-heading-title elementor-size-default\">Ein franz\u00f6sischer Hersteller und Vermieter<\/h2>\t\t\t\t<\/div>\n\t\t\t\t<div class=\"elementor-element elementor-element-7da9525 elementor-widget elementor-widget-text-editor\" data-id=\"7da9525\" data-element_type=\"widget\" data-e-type=\"widget\" data-widget_type=\"text-editor.default\">\n\t\t\t\t\t\t\t\t\t<ul><li>Sie betreiben Ihre eigene Hausbootbasis \u2013 in Frankreich oder im Ausland.<\/li><li>Sie k\u00fcmmern sich um die Instandhaltung Ihrer Flotte.<\/li><li>Sie leiten ein Team von Technikern.<\/li><li>Sie empfangen internationale Kunden.<\/li><li>Sie gewinnen lokale Kundschaft.<\/li><li>Sie m\u00f6chten von der St\u00e4rke eines internationalen Netzwerks profitieren \u2026<\/li><\/ul><p><\/p>\t\t\t\t\t\t\t\t<\/div>\n\t\t\t\t<\/div>\n\t\t<div class=\"elementor-element elementor-element-7094e26 e-con-full e-flex e-con e-child\" data-id=\"7094e26\" data-element_type=\"container\" data-e-type=\"container\">\n\t\t\t\t<div class=\"elementor-element elementor-element-02515e6 elementor-widget elementor-widget-heading\" data-id=\"02515e6\" data-element_type=\"widget\" data-e-type=\"widget\" data-widget_type=\"heading.default\">\n\t\t\t\t\t<h2 class=\"elementor-heading-title elementor-size-default\">Warum Riverly w\u00e4hlen?<\/h2>\t\t\t\t<\/div>\n\t\t\t\t<div class=\"elementor-element elementor-element-f2da7c5 elementor-widget elementor-widget-text-editor\" data-id=\"f2da7c5\" data-element_type=\"widget\" data-e-type=\"widget\" data-widget_type=\"text-editor.default\">\n\t\t\t\t\t\t\t\t\t<ul><li>39 Basen in Europa: Deutschland, Niederlande, Frankreich, Portugal, Ungarn, Irland und Italien<\/li><li>\u00dcber 40 Jahre Erfahrung im Hausboottourismus<\/li><li>Umfassendes Know-how: Bootsbau, Vermietung, Basisbetrieb<\/li><li>Hochwertige und stilvolle Boote mit ausgezeichnetem Ruf<\/li><li>Die beheizte, ziehbare Mini-Pool-Anlage: exklusiv bei Riverly!<\/li><li>Franz\u00f6sische Werft seit 1986<\/li><li>Ersatzteil- und Kundendienstservice<\/li><li>Zentrale Reservierungsstelle, ge\u00f6ffnet an 6 Tagen pro Woche<\/li><li>Internationales Vertriebsteam (Reiseagenturen weltweit)<\/li><\/ul><p><\/p>\t\t\t\t\t\t\t\t<\/div>\n\t\t\t\t<\/div>\n\t\t\t\t<div class=\"elementor-element elementor-element-3540998 elementor-align-center elementor-hidden-mobile elementor-widget elementor-widget-button\" data-id=\"3540998\" data-element_type=\"widget\" data-e-type=\"widget\" data-widget_type=\"button.default\">\n\t\t\t\t\t\t\t\t\t\t<a class=\"elementor-button elementor-button-link elementor-size-sm\" href=\"https:\/\/www.nicolsyacht.com\/de\/warum-lohnt-sich-eine-mitgliedschaft-im-netz-von-nicols\/\" target=\"_blank\" rel=\"noopener\">\n\t\t\t\t\t\t<span class=\"elementor-button-content-wrapper\">\n\t\t\t\t\t\t\t\t\t<span class=\"elementor-button-text\">Mehr erfahren<\/span>\n\t\t\t\t\t<\/span>\n\t\t\t\t\t<\/a>\n\t\t\t\t\t\t\t\t<\/div>\n\t\t\t\t<\/div>\n\t\t<div class=\"elementor-element elementor-element-c5fef3a e-con-full e-flex e-con e-child\" data-id=\"c5fef3a\" data-element_type=\"container\" data-e-type=\"container\">\n\t\t\t\t<div class=\"elementor-element elementor-element-556c63e elementor-widget elementor-widget-heading\" data-id=\"556c63e\" data-element_type=\"widget\" data-e-type=\"widget\" data-widget_type=\"heading.default\">\n\t\t\t\t\t<h2 class=\"elementor-heading-title elementor-size-default\">F\u00fcr weitere Informationen kontaktieren Sie uns:<\/h2>\t\t\t\t<\/div>\n\t\t\t\t<div class=\"elementor-element elementor-element-ff4d024 elementor-widget elementor-widget-text-editor\" data-id=\"ff4d024\" data-element_type=\"widget\" data-e-type=\"widget\" data-widget_type=\"text-editor.default\">\n\t\t\t\t\t\t\t\t\t<p>RIVERLY<br \/>Telefon: <a href=\"tel:0386917272\">03 86 91 72 72<\/a><br \/>E-Mail: <a href=\"mailto:cdufaud@riverly.com\">cdufaud@riverly.com<\/a><\/p>\t\t\t\t\t\t\t\t<\/div>\n\t\t\t\t<\/div>\n\t\t\t\t\t<\/div>\n\t\t\t\t<\/div>\n\t\t<div class=\"elementor-element elementor-element-f749cfd e-flex e-con-boxed e-con e-parent\" data-id=\"f749cfd\" data-element_type=\"container\" data-e-type=\"container\">\n\t\t\t\t\t<div class=\"e-con-inner\">\n\t\t\t\t<div class=\"elementor-element elementor-element-8c124cc elementor-widget__width-inherit elementor-widget elementor-widget-heading\" data-id=\"8c124cc\" data-element_type=\"widget\" data-e-type=\"widget\" data-widget_type=\"heading.default\">\n\t\t\t\t\t<h2 class=\"elementor-heading-title elementor-size-default\">Bitte f\u00fcllen Sie das folgende Formular aus: <\/h2>\t\t\t\t<\/div>\n\t\t\t\t<div class=\"elementor-element elementor-element-1f7da9f elementor-widget__width-initial elementor-widget elementor-widget-html\" data-id=\"1f7da9f\" data-element_type=\"widget\" data-e-type=\"widget\" data-widget_type=\"html.default\">\n\t\t\t\t\t<div class=\"hs-form-frame\" data-region=\"eu1\" data-form-id=\"9071642b-df5f-4200-b591-4af1c211fcd3\" data-portal-id=\"140259228\"><\/div>\t\t\t\t<\/div>\n\t\t\t\t\t<\/div>\n\t\t\t\t<\/div>\n\t\t\t\t<\/div>\n\t\t","protected":false},"excerpt":{"rendered":"<p>Werden Sie Teil des Riverly-Netzwerks Schlie\u00dfen Sie sich einem franz\u00f6sischen Hersteller und Vermieter an \u2013 dem europ\u00e4ischen Marktf\u00fchrer im Hausboottourismus. Ein franz\u00f6sischer Hersteller und Vermieter Sie betreiben Ihre eigene Hausbootbasis \u2013 in Frankreich oder im Ausland. Sie k\u00fcmmern sich um die Instandhaltung Ihrer Flotte. Sie leiten ein Team von Technikern. Sie empfangen internationale Kunden. Sie [&hellip;]<\/p>\n","protected":false},"author":1,"featured_media":0,"parent":0,"menu_order":0,"comment_status":"closed","ping_status":"closed","template":"elementor_header_footer","meta":{"_acf_changed":false,"inline_featured_image":false,"footnotes":""},"page-style":[],"class_list":["post-19185","page","type-page","status-publish","hentry"],"acf":[],"_links":{"self":[{"href":"https:\/\/www.riverly.com\/de\/wp-json\/wp\/v2\/pages\/19185","targetHints":{"allow":["GET"]}}],"collection":[{"href":"https:\/\/www.riverly.com\/de\/wp-json\/wp\/v2\/pages"}],"about":[{"href":"https:\/\/www.riverly.com\/de\/wp-json\/wp\/v2\/types\/page"}],"author":[{"embeddable":true,"href":"https:\/\/www.riverly.com\/de\/wp-json\/wp\/v2\/users\/1"}],"replies":[{"embeddable":true,"href":"https:\/\/www.riverly.com\/de\/wp-json\/wp\/v2\/comments?post=19185"}],"version-history":[{"count":7,"href":"https:\/\/www.riverly.com\/de\/wp-json\/wp\/v2\/pages\/19185\/revisions"}],"predecessor-version":[{"id":23319,"href":"https:\/\/www.riverly.com\/de\/wp-json\/wp\/v2\/pages\/19185\/revisions\/23319"}],"wp:attachment":[{"href":"https:\/\/www.riverly.com\/de\/wp-json\/wp\/v2\/media?parent=19185"}],"wp:term":[{"taxonomy":"page-style","embeddable":true,"href":"https:\/\/www.riverly.com\/de\/wp-json\/wp\/v2\/page-style?post=19185"}],"curies":[{"name":"wp","href":"https:\/\/api.w.org\/{rel}","templated":true}]}}