{"id":24386,"date":"2026-05-11T20:13:02","date_gmt":"2026-05-11T20:13:02","guid":{"rendered":"https:\/\/www.riverly.com\/brandebourg-et-berlin\/"},"modified":"2026-05-13T12:42:46","modified_gmt":"2026-05-13T12:42:46","slug":"brandebourg-et-berlin","status":"publish","type":"page","link":"https:\/\/www.riverly.com\/de\/hausbooturlaube-deutschland-brandenburg\/","title":{"rendered":"Brandebourg et Berlin"},"content":{"rendered":"\n<p>Une r\u00e9gion fluviale en pleine nature au d\u00e9tour des villes allemandes les plus embl\u00e9matiques. R\u00e9put\u00e9e pour ses immenses \u00e9tendues d\u2019eau aux nuances de vert et de bleu, le long de vastes for\u00eats de pins, cette r\u00e9gion fluviale est l\u2019occasion de d\u00e9couvrir des p\u00e9pites d\u2019art, d\u2019architecture (ch\u00e2teau de Rheinsberg), d\u2019histoire, et profiter de ses thermes (Templin).<\/p>\n","protected":false},"excerpt":{"rendered":"<p>Une r\u00e9gion fluviale en pleine nature au d\u00e9tour des villes allemandes les plus embl\u00e9matiques. R\u00e9put\u00e9e pour ses immenses \u00e9tendues d\u2019eau aux nuances de vert et de bleu, le long de vastes for\u00eats de pins, cette r\u00e9gion fluviale est l\u2019occasion de d\u00e9couvrir des p\u00e9pites d\u2019art, d\u2019architecture (ch\u00e2teau de Rheinsberg), d\u2019histoire, et profiter de ses thermes (Templin).<\/p>\n","protected":false},"author":1,"featured_media":0,"parent":0,"menu_order":0,"comment_status":"open","ping_status":"open","template":"","meta":{"_acf_changed":false,"inline_featured_image":false,"footnotes":""},"page-style":[447],"class_list":["post-24386","page","type-page","status-publish","hentry","page-style-blog-layout-style"],"acf":[],"_links":{"self":[{"href":"https:\/\/www.riverly.com\/de\/wp-json\/wp\/v2\/pages\/24386","targetHints":{"allow":["GET"]}}],"collection":[{"href":"https:\/\/www.riverly.com\/de\/wp-json\/wp\/v2\/pages"}],"about":[{"href":"https:\/\/www.riverly.com\/de\/wp-json\/wp\/v2\/types\/page"}],"author":[{"embeddable":true,"href":"https:\/\/www.riverly.com\/de\/wp-json\/wp\/v2\/users\/1"}],"replies":[{"embeddable":true,"href":"https:\/\/www.riverly.com\/de\/wp-json\/wp\/v2\/comments?post=24386"}],"version-history":[{"count":1,"href":"https:\/\/www.riverly.com\/de\/wp-json\/wp\/v2\/pages\/24386\/revisions"}],"predecessor-version":[{"id":24481,"href":"https:\/\/www.riverly.com\/de\/wp-json\/wp\/v2\/pages\/24386\/revisions\/24481"}],"wp:attachment":[{"href":"https:\/\/www.riverly.com\/de\/wp-json\/wp\/v2\/media?parent=24386"}],"wp:term":[{"taxonomy":"page-style","embeddable":true,"href":"https:\/\/www.riverly.com\/de\/wp-json\/wp\/v2\/page-style?post=24386"}],"curies":[{"name":"wp","href":"https:\/\/api.w.org\/{rel}","templated":true}]}}