{"id":24377,"date":"2026-05-11T20:13:02","date_gmt":"2026-05-11T20:13:02","guid":{"rendered":"https:\/\/www.riverly.com\/lattes\/"},"modified":"2026-05-13T12:42:22","modified_gmt":"2026-05-13T12:42:22","slug":"lattes","status":"publish","type":"page","link":"https:\/\/www.riverly.com\/en\/boating-holidays-france-camargue-lattes\/","title":{"rendered":"Lattes"},"content":{"rendered":"\n<p>Au d\u00e9part de notre base de Lattes, \u00e0 bord de votre bateau de location, p\u00e9n\u00e9trez sur les terres sauvages de la Camargue. Profitez de paysages \u00e9poustouflants tout en vous laissant la possibilit\u00e9 de passer une journ\u00e9e \u00e0 la plage si l\u2019envie vous prend.<\/p>\n","protected":false},"excerpt":{"rendered":"<p>Au d\u00e9part de notre base de Lattes, \u00e0 bord de votre bateau de location, p\u00e9n\u00e9trez sur les terres sauvages de la Camargue. Profitez de paysages \u00e9poustouflants tout en vous laissant la possibilit\u00e9 de passer une journ\u00e9e \u00e0 la plage si l\u2019envie vous prend.<\/p>\n","protected":false},"author":1,"featured_media":0,"parent":0,"menu_order":0,"comment_status":"open","ping_status":"open","template":"","meta":{"_acf_changed":false,"inline_featured_image":false,"footnotes":""},"page-style":[447],"class_list":["post-24377","page","type-page","status-publish","hentry","page-style-blog-layout-style"],"acf":[],"_links":{"self":[{"href":"https:\/\/www.riverly.com\/en\/wp-json\/wp\/v2\/pages\/24377","targetHints":{"allow":["GET"]}}],"collection":[{"href":"https:\/\/www.riverly.com\/en\/wp-json\/wp\/v2\/pages"}],"about":[{"href":"https:\/\/www.riverly.com\/en\/wp-json\/wp\/v2\/types\/page"}],"author":[{"embeddable":true,"href":"https:\/\/www.riverly.com\/en\/wp-json\/wp\/v2\/users\/1"}],"replies":[{"embeddable":true,"href":"https:\/\/www.riverly.com\/en\/wp-json\/wp\/v2\/comments?post=24377"}],"version-history":[{"count":1,"href":"https:\/\/www.riverly.com\/en\/wp-json\/wp\/v2\/pages\/24377\/revisions"}],"predecessor-version":[{"id":24494,"href":"https:\/\/www.riverly.com\/en\/wp-json\/wp\/v2\/pages\/24377\/revisions\/24494"}],"wp:attachment":[{"href":"https:\/\/www.riverly.com\/en\/wp-json\/wp\/v2\/media?parent=24377"}],"wp:term":[{"taxonomy":"page-style","embeddable":true,"href":"https:\/\/www.riverly.com\/en\/wp-json\/wp\/v2\/page-style?post=24377"}],"curies":[{"name":"wp","href":"https:\/\/api.w.org\/{rel}","templated":true}]}}